{"id":3517,"date":"2022-06-03T09:45:23","date_gmt":"2022-06-03T08:45:23","guid":{"rendered":"https:\/\/www.saitaku.co\/?page_id=3517"},"modified":"2023-12-11T12:21:28","modified_gmt":"2023-12-11T11:21:28","slug":"a-propos","status":"publish","type":"page","link":"https:\/\/www.saitaku.co\/fr\/a-propos\/","title":{"rendered":"A propos"},"content":{"rendered":"<div class=\"wpb-content-wrapper\">[vc_section full_width=\u00a0\u00bbstretch_row_content\u00a0\u00bb css=\u00a0\u00bb.vc_custom_1669647192709{background-image: url(https:\/\/www.saitaku.co\/wp-content\/uploads\/2022\/11\/About-Header.jpg?id=2236) !important;background-position: center !important;background-repeat: no-repeat !important;background-size: cover !important;}\u00a0\u00bb el_class=\u00a0\u00bbsection-about-1 interiorHero\u00a0\u00bb][vc_row full_width=\u00a0\u00bbstretch_row_content_no_spaces\u00a0\u00bb el_class=\u00a0\u00bbrow-about interiorHero__wrap side-paddings\u00a0\u00bb][vc_column][vc_column_text el_class=\u00a0\u00bbinteriorHero__wrap\u00a0\u00bb]\n<h1 class=\"class=\">\u00c0 propos<\/h1>\n[\/vc_column_text]<div class=\"vcex-shortcode wpex-clr\"><div class=\"templatera_shortcode\"><div class=\"grid-container\"><div class=\"grid-x wpb_row grid-x-fluid wpex-relative\"><div class=\"wpb_column medium-12 cell\"><div class=\"vcex-social-links vcex-module wpex-flex wpex-flex-wrap wpex-social-btns vcex-social-btns wpex-items-center wpex-gap-5 heroSocials wpex-last-mr-0\"><a href=\"https:\/\/twitter.com\/wearesaitaku\" class=\"vcex-social-links__item wpex-social-btn wpex-social-btn-no-style wpex-twitter\" target=\"_blank\" rel=\"noopener noreferrer\"><span class=\"vcex-social-links__icon wpex-icon\" aria-hidden=\"true\"><svg xmlns=\"http:\/\/www.w3.org\/2000\/svg\" viewBox=\"0 0 512 512\"><path d=\"M389.2 48h70.6L305.6 224.2 487 464H345L233.7 318.6 106.5 464H35.8L200.7 275.5 26.8 48H172.4L272.9 180.9 389.2 48zM364.4 421.8h39.1L151.1 88h-42L364.4 421.8z\"\/><\/svg><\/span><span class=\"screen-reader-text\">Twitter<\/span><\/a><a href=\"https:\/\/www.instagram.com\/wearesaitaku\/\" class=\"vcex-social-links__item wpex-social-btn wpex-social-btn-no-style wpex-instagram\" target=\"_blank\" rel=\"noopener noreferrer\"><span class=\"vcex-social-links__icon wpex-icon\" aria-hidden=\"true\"><svg xmlns=\"http:\/\/www.w3.org\/2000\/svg\" viewBox=\"0 0 448 512\"><path d=\"M224.1 141c-63.6 0-114.9 51.3-114.9 114.9s51.3 114.9 114.9 114.9S339 319.5 339 255.9 287.7 141 224.1 141zm0 189.6c-41.1 0-74.7-33.5-74.7-74.7s33.5-74.7 74.7-74.7 74.7 33.5 74.7 74.7-33.6 74.7-74.7 74.7zm146.4-194.3c0 14.9-12 26.8-26.8 26.8-14.9 0-26.8-12-26.8-26.8s12-26.8 26.8-26.8 26.8 12 26.8 26.8zm76.1 27.2c-1.7-35.9-9.9-67.7-36.2-93.9-26.2-26.2-58-34.4-93.9-36.2-37-2.1-147.9-2.1-184.9 0-35.8 1.7-67.6 9.9-93.9 36.1s-34.4 58-36.2 93.9c-2.1 37-2.1 147.9 0 184.9 1.7 35.9 9.9 67.7 36.2 93.9s58 34.4 93.9 36.2c37 2.1 147.9 2.1 184.9 0 35.9-1.7 67.7-9.9 93.9-36.2 26.2-26.2 34.4-58 36.2-93.9 2.1-37 2.1-147.8 0-184.8zM398.8 388c-7.8 19.6-22.9 34.7-42.6 42.6-29.5 11.7-99.5 9-132.1 9s-102.7 2.6-132.1-9c-19.6-7.8-34.7-22.9-42.6-42.6-11.7-29.5-9-99.5-9-132.1s-2.6-102.7 9-132.1c7.8-19.6 22.9-34.7 42.6-42.6 29.5-11.7 99.5-9 132.1-9s102.7-2.6 132.1 9c19.6 7.8 34.7 22.9 42.6 42.6 11.7 29.5 9 99.5 9 132.1s2.7 102.7-9 132.1z\"\/><\/svg><\/span><span class=\"screen-reader-text\">Instagram<\/span><\/a><a href=\"https:\/\/www.facebook.com\/WeAreSaitaku\/\" class=\"vcex-social-links__item wpex-social-btn wpex-social-btn-no-style wpex-facebook\" target=\"_blank\" rel=\"noopener noreferrer\"><span class=\"vcex-social-links__icon wpex-icon\" aria-hidden=\"true\"><svg xmlns=\"http:\/\/www.w3.org\/2000\/svg\" viewBox=\"0 0 512 512\"><path d=\"M512 256C512 114.6 397.4 0 256 0S0 114.6 0 256C0 376 82.7 476.8 194.2 504.5V334.2H141.4V256h52.8V222.3c0-87.1 39.4-127.5 125-127.5c16.2 0 44.2 3.2 55.7 6.4V172c-6-.6-16.5-1-29.6-1c-42 0-58.2 15.9-58.2 57.2V256h83.6l-14.4 78.2H287V510.1C413.8 494.8 512 386.9 512 256h0z\"\/><\/svg><\/span><span class=\"screen-reader-text\">Facebook<\/span><\/a><a href=\"http:\/\/www.tiktok.com\/@wearesaitaku?_t=8WVIMrHK8Ag&#038;_r=1\" class=\"vcex-social-links__item wpex-social-btn wpex-social-btn-no-style wpex-rss\" target=\"_blank\" rel=\"noopener noreferrer\"><span class=\"vcex-social-links__icon wpex-icon\" aria-hidden=\"true\"><svg xmlns=\"http:\/\/www.w3.org\/2000\/svg\" viewBox=\"0 0 448 512\"><path d=\"M0 64C0 46.3 14.3 32 32 32c229.8 0 416 186.2 416 416c0 17.7-14.3 32-32 32s-32-14.3-32-32C384 253.6 226.4 96 32 96C14.3 96 0 81.7 0 64zM0 416a64 64 0 1 1 128 0A64 64 0 1 1 0 416zM32 160c159.1 0 288 128.9 288 288c0 17.7-14.3 32-32 32s-32-14.3-32-32c0-123.7-100.3-224-224-224c-17.7 0-32-14.3-32-32s14.3-32 32-32z\"\/><\/svg><\/span><span class=\"screen-reader-text\">RSS<\/span><\/a><\/div><\/div><\/div><\/div><\/div><\/div>[\/vc_column][\/vc_row][\/vc_section][vc_section el_class=\u00a0\u00bbsection-about-2&Prime;][vc_row full_width=\u00a0\u00bbstretch_row\u00a0\u00bb el_class=\u00a0\u00bbrow-about\u00a0\u00bb][vc_column][vc_column_text]\n<h2 class=\"productsText__headline\" style=\"text-align: center;\">Le go\u00fbt authentique du Japon.<\/h2>\n<p class=\"productsText__text\" style=\"text-align: center;\">La gamme Saitaku c\u00e9l\u00e8bre la cuisine japonaise saine et rend facile et amusante la pr\u00e9paration de recettes authentiques \u00e0 la maison. La gamme comprend des ingr\u00e9dients pour les sushis, des sauces, des soupes, des nouilles et des encas, tous d\u00e9velopp\u00e9s et fabriqu\u00e9s selon des m\u00e9thodes authentiques et en incorporant des ingr\u00e9dients de la plus haute qualit\u00e9. Que vous souhaitiez ma\u00eetriser la technique du Maki ou recr\u00e9er vos Ramen pr\u00e9f\u00e9r\u00e9s, la gamme Saitaku est parfaite pour les d\u00e9butants, gr\u00e2ce \u00e0 ses conseils pratiques et ses garnitures parfaites pour ajouter une touche japonaise \u00e0 tous vos plats.<\/p>\n[\/vc_column_text][\/vc_column][\/vc_row][\/vc_section][vc_section el_class=\u00a0\u00bbsection-about-3&Prime; css=\u00a0\u00bb.vc_custom_1656413068231{background-image: url(https:\/\/www.saitaku.co\/wp-content\/uploads\/2022\/06\/shutterstock_1383398360-min.png?id=796) !important;}\u00a0\u00bb][vc_row full_width=\u00a0\u00bbstretch_row_content\u00a0\u00bb el_class=\u00a0\u00bbrow-about\u00a0\u00bb][vc_column visibility=\u00a0\u00bbshow-at-mm-breakpoint\u00a0\u00bb][vc_single_image image=\u00a0\u00bb796&Prime;][\/vc_column][vc_column el_class=\u00a0\u00bbtext-center large-text-left\u00a0\u00bb][vc_column_text el_class=\u00a0\u00bbtext-element\u00a0\u00bb]\n<h3 class=\"h4\">La marque Saitaku vous offre<\/h3>\n<p>des produits japonais \u00e0 la fois pratiques et accessibles, qui permettent de pr\u00e9parer facilement des plats japonais authentiques \u00e0 la maison. Si vous \u00eates novice en mati\u00e8re de sushis, notre kit pour sushis seront parfaits pour commencer. Il contient tous les ustenciles, les garnitures et les ingr\u00e9dients de base dont vous aurez besoin &#8211; il vous suffit d&rsquo;ajouter vos propres garnitures pr\u00e9f\u00e9r\u00e9es ![\/vc_column_text][vc_single_image image=\u00a0\u00bb991&Prime; el_class=\u00a0\u00bbtop-image\u00a0\u00bb][\/vc_column][\/vc_row][\/vc_section][vc_section el_class=\u00a0\u00bbsection-about-4&Prime; css=\u00a0\u00bb.vc_custom_1656413875752{background-color: #f7f7f7 !important;}\u00a0\u00bb][vc_row full_width=\u00a0\u00bbstretch_row\u00a0\u00bb full_height=\u00a0\u00bbyes\u00a0\u00bb equal_height=\u00a0\u00bbyes\u00a0\u00bb el_class=\u00a0\u00bbrow-about\u00a0\u00bb][vc_column][vc_column_text el_class=\u00a0\u00bbtext-element\u00a0\u00bb]\n<p style=\"text-align: center;\">Saitaku innove sans cesse, en cr\u00e9ant de nouveaux produits uniques pour pr\u00e9parer des pok\u00e9s, des nouilles ramen et bien d&rsquo;autres plats savoureux !<\/p>\n[\/vc_column_text][\/vc_column][\/vc_row][\/vc_section][vc_section el_class=\u00a0\u00bbsection-about-5&Prime;][vc_row full_width=\u00a0\u00bbstretch_row\u00a0\u00bb content_placement=\u00a0\u00bbmiddle\u00a0\u00bb el_class=\u00a0\u00bbrow-about\u00a0\u00bb][vc_column offset=\u00a0\u00bbvc_col-lg-7 vc_col-md-7 vc_col-xs-12&Prime; el_class=\u00a0\u00bbimageCol\u00a0\u00bb][vc_single_image image=\u00a0\u00bb2225&Prime;][\/vc_column][vc_column offset=\u00a0\u00bbvc_col-lg-5 vc_col-md-5 vc_col-xs-12&Prime; el_class=\u00a0\u00bbtext-center large-text-left\u00a0\u00bb][vc_column_text el_class=\u00a0\u00bbtext-element\u00a0\u00bb]En qu\u00eate d&rsquo;inspiration ? Nous adorons partager des recettes, des photos et des conseils culinaires sur nos r\u00e9seaux sociaux et nous avons h\u00e2te de d\u00e9couvrir toutes vos cr\u00e9ations \u00e9labor\u00e9es avec nos produits. Suivez-nous sur Instagram, Facebook, TikTok et Twitter @wearesaitaku et n&rsquo;oubliez pas de nous taguer dans vos merveilleuses cr\u00e9ations![\/vc_column_text][\/vc_column][\/vc_row][\/vc_section]\n<\/div>","protected":false},"excerpt":{"rendered":"\u00c0 propos TwitterInstagramFacebookRSS Le go\u00fbt authentique du Japon. La gamme Saitaku c\u00e9l\u00e8bre la cuisine japonaise saine et rend facile et amusante la pr\u00e9paration de recettes authentiques \u00e0 la maison. La gamme comprend des ingr\u00e9dients pour les sushis, des sauces, des soupes, des nouilles et des encas, tous d\u00e9velopp\u00e9s et fabriqu\u00e9s selon des m\u00e9thodes authentiques et&hellip;","protected":false},"author":4,"featured_media":0,"parent":0,"menu_order":0,"comment_status":"closed","ping_status":"closed","template":"","meta":{"_acf_changed":false,"_monsterinsights_skip_tracking":false,"_monsterinsights_sitenote_active":false,"_monsterinsights_sitenote_note":"","_monsterinsights_sitenote_category":0,"footnotes":""},"class_list":["post-3517","page","type-page","status-publish","hentry","entry","no-media"],"acf":[],"yoast_head":"<!-- This site is optimized with the Yoast SEO plugin v25.8 - https:\/\/yoast.com\/wordpress\/plugins\/seo\/ -->\n<title>SAITAKU | A propos<\/title>\n<meta name=\"robots\" content=\"index, follow, max-snippet:-1, max-image-preview:large, max-video-preview:-1\" \/>\n<link rel=\"canonical\" href=\"https:\/\/www.saitaku.co\/fr\/a-propos\/\" \/>\n<meta property=\"og:locale\" content=\"fr_FR\" \/>\n<meta property=\"og:type\" content=\"article\" \/>\n<meta property=\"og:title\" content=\"SAITAKU | A propos\" \/>\n<meta property=\"og:url\" content=\"https:\/\/www.saitaku.co\/fr\/a-propos\/\" \/>\n<meta property=\"og:site_name\" content=\"SAITAKU\" \/>\n<meta property=\"article:publisher\" content=\"https:\/\/www.facebook.com\/WeAreSaitaku\/\" \/>\n<meta property=\"article:modified_time\" content=\"2023-12-11T11:21:28+00:00\" \/>\n<meta name=\"twitter:card\" content=\"summary_large_image\" \/>\n<meta name=\"twitter:site\" content=\"@wearesaitaku\" \/>\n<meta name=\"twitter:label1\" content=\"Dur\u00e9e de lecture estim\u00e9e\" \/>\n\t<meta name=\"twitter:data1\" content=\"2 minutes\" \/>\n<script type=\"application\/ld+json\" class=\"yoast-schema-graph\">{\"@context\":\"https:\/\/schema.org\",\"@graph\":[{\"@type\":\"WebPage\",\"@id\":\"https:\/\/www.saitaku.co\/fr\/a-propos\/\",\"url\":\"https:\/\/www.saitaku.co\/fr\/a-propos\/\",\"name\":\"SAITAKU | A propos\",\"isPartOf\":{\"@id\":\"https:\/\/www.saitaku.co\/#website\"},\"datePublished\":\"2022-06-03T08:45:23+00:00\",\"dateModified\":\"2023-12-11T11:21:28+00:00\",\"inLanguage\":\"fr-FR\",\"potentialAction\":[{\"@type\":\"ReadAction\",\"target\":[\"https:\/\/www.saitaku.co\/fr\/a-propos\/\"]}]},{\"@type\":\"WebSite\",\"@id\":\"https:\/\/www.saitaku.co\/#website\",\"url\":\"https:\/\/www.saitaku.co\/\",\"name\":\"SAITAKU\",\"description\":\"Simply Japanese\",\"publisher\":{\"@id\":\"https:\/\/www.saitaku.co\/#organization\"},\"potentialAction\":[{\"@type\":\"SearchAction\",\"target\":{\"@type\":\"EntryPoint\",\"urlTemplate\":\"https:\/\/www.saitaku.co\/?s={search_term_string}\"},\"query-input\":{\"@type\":\"PropertyValueSpecification\",\"valueRequired\":true,\"valueName\":\"search_term_string\"}}],\"inLanguage\":\"fr-FR\"},{\"@type\":\"Organization\",\"@id\":\"https:\/\/www.saitaku.co\/#organization\",\"name\":\"SAITAKU\",\"url\":\"https:\/\/www.saitaku.co\/\",\"logo\":{\"@type\":\"ImageObject\",\"inLanguage\":\"fr-FR\",\"@id\":\"https:\/\/www.saitaku.co\/#\/schema\/logo\/image\/\",\"url\":\"https:\/\/www.saitaku.co\/wp-content\/uploads\/2022\/06\/SAITAKU-logo.svg\",\"contentUrl\":\"https:\/\/www.saitaku.co\/wp-content\/uploads\/2022\/06\/SAITAKU-logo.svg\",\"caption\":\"SAITAKU\"},\"image\":{\"@id\":\"https:\/\/www.saitaku.co\/#\/schema\/logo\/image\/\"},\"sameAs\":[\"https:\/\/www.facebook.com\/WeAreSaitaku\/\",\"https:\/\/x.com\/wearesaitaku\",\"https:\/\/www.tiktok.com\/@wearesaitaku\",\"https:\/\/www.instagram.com\/wearesaitaku\/\"]}]}<\/script>\n<!-- \/ Yoast SEO plugin. -->","yoast_head_json":{"title":"SAITAKU | A propos","robots":{"index":"index","follow":"follow","max-snippet":"max-snippet:-1","max-image-preview":"max-image-preview:large","max-video-preview":"max-video-preview:-1"},"canonical":"https:\/\/www.saitaku.co\/fr\/a-propos\/","og_locale":"fr_FR","og_type":"article","og_title":"SAITAKU | A propos","og_url":"https:\/\/www.saitaku.co\/fr\/a-propos\/","og_site_name":"SAITAKU","article_publisher":"https:\/\/www.facebook.com\/WeAreSaitaku\/","article_modified_time":"2023-12-11T11:21:28+00:00","twitter_card":"summary_large_image","twitter_site":"@wearesaitaku","twitter_misc":{"Dur\u00e9e de lecture estim\u00e9e":"2 minutes"},"schema":{"@context":"https:\/\/schema.org","@graph":[{"@type":"WebPage","@id":"https:\/\/www.saitaku.co\/fr\/a-propos\/","url":"https:\/\/www.saitaku.co\/fr\/a-propos\/","name":"SAITAKU | A propos","isPartOf":{"@id":"https:\/\/www.saitaku.co\/#website"},"datePublished":"2022-06-03T08:45:23+00:00","dateModified":"2023-12-11T11:21:28+00:00","inLanguage":"fr-FR","potentialAction":[{"@type":"ReadAction","target":["https:\/\/www.saitaku.co\/fr\/a-propos\/"]}]},{"@type":"WebSite","@id":"https:\/\/www.saitaku.co\/#website","url":"https:\/\/www.saitaku.co\/","name":"SAITAKU","description":"Simply Japanese","publisher":{"@id":"https:\/\/www.saitaku.co\/#organization"},"potentialAction":[{"@type":"SearchAction","target":{"@type":"EntryPoint","urlTemplate":"https:\/\/www.saitaku.co\/?s={search_term_string}"},"query-input":{"@type":"PropertyValueSpecification","valueRequired":true,"valueName":"search_term_string"}}],"inLanguage":"fr-FR"},{"@type":"Organization","@id":"https:\/\/www.saitaku.co\/#organization","name":"SAITAKU","url":"https:\/\/www.saitaku.co\/","logo":{"@type":"ImageObject","inLanguage":"fr-FR","@id":"https:\/\/www.saitaku.co\/#\/schema\/logo\/image\/","url":"https:\/\/www.saitaku.co\/wp-content\/uploads\/2022\/06\/SAITAKU-logo.svg","contentUrl":"https:\/\/www.saitaku.co\/wp-content\/uploads\/2022\/06\/SAITAKU-logo.svg","caption":"SAITAKU"},"image":{"@id":"https:\/\/www.saitaku.co\/#\/schema\/logo\/image\/"},"sameAs":["https:\/\/www.facebook.com\/WeAreSaitaku\/","https:\/\/x.com\/wearesaitaku","https:\/\/www.tiktok.com\/@wearesaitaku","https:\/\/www.instagram.com\/wearesaitaku\/"]}]}},"_links":{"self":[{"href":"https:\/\/www.saitaku.co\/fr\/wp-json\/wp\/v2\/pages\/3517","targetHints":{"allow":["GET"]}}],"collection":[{"href":"https:\/\/www.saitaku.co\/fr\/wp-json\/wp\/v2\/pages"}],"about":[{"href":"https:\/\/www.saitaku.co\/fr\/wp-json\/wp\/v2\/types\/page"}],"author":[{"embeddable":true,"href":"https:\/\/www.saitaku.co\/fr\/wp-json\/wp\/v2\/users\/4"}],"replies":[{"embeddable":true,"href":"https:\/\/www.saitaku.co\/fr\/wp-json\/wp\/v2\/comments?post=3517"}],"version-history":[{"count":3,"href":"https:\/\/www.saitaku.co\/fr\/wp-json\/wp\/v2\/pages\/3517\/revisions"}],"predecessor-version":[{"id":3616,"href":"https:\/\/www.saitaku.co\/fr\/wp-json\/wp\/v2\/pages\/3517\/revisions\/3616"}],"wp:attachment":[{"href":"https:\/\/www.saitaku.co\/fr\/wp-json\/wp\/v2\/media?parent=3517"}],"curies":[{"name":"wp","href":"https:\/\/api.w.org\/{rel}","templated":true}]}}